{"id":155,"date":"2026-04-08T17:04:39","date_gmt":"2026-04-08T17:04:39","guid":{"rendered":"https:\/\/ladespensaanimal.com\/?post_type=product&#038;p=155"},"modified":"2026-04-08T17:21:34","modified_gmt":"2026-04-08T17:21:34","slug":"ownat-ultra-mini-junior","status":"publish","type":"product","link":"https:\/\/ladespensaanimal.com\/index.php\/producto\/ownat-ultra-mini-junior\/","title":{"rendered":"OWNAT ULTRA MINI JUNIOR"},"content":{"rendered":"<p>3 kg: 20,44\u20ac<\/p>\n<p>\ud83d\udc3e Ingredientes principales:<\/p>\n<p>Carnes: 52% total (22% pollo deshidratado, 15% pollo fresco, 15% pavo fresco, 2% salm\u00f3n deshidratado)<\/p>\n<p>Cereales y vegetales: arroz integral (11%), ra\u00edces de mandioca (8%), patata deshidratada (6%)<\/p>\n<p>Frutas y verduras: manzana (1%), zanahoria (0,5%), calabaza (0,5%), ar\u00e1ndanos (100 mg\/kg)<\/p>\n<p>Otros ingredientes: grasa av\u00edcola (preservada con antioxidantes naturales), hidrolizado de salm\u00f3n, prote\u00edna hidrolizada de pollo, levadura de cerveza (1%), huevo deshidratado (1%), semilla de lino (1%), aceite de salm\u00f3n (preservado con antioxidantes naturales), sal gema, ra\u00edces de achicoria (FOS), extracto de levadura (MOS), algas marinas deshidratadas (500 mg\/kg), glucosamina (500 mg\/kg), condroit\u00edn sulfato (100 mg\/kg), yucca schidigera, t\u00e9 verde (80 mg\/kg), equin\u00e1cea (80 mg\/kg), flor de manzanilla (80 mg\/kg), hinojo (80 mg\/kg).<\/p>\n<p>Este pienso est\u00e1 especialmente dise\u00f1ado para cachorros de razas peque\u00f1as, proporcionando una nutrici\u00f3n completa para su crecimiento y desarrollo.<\/p>\n","protected":false},"excerpt":{"rendered":"<p>\ud83d\udc3e Ingredientes principales:<\/p>\n<p>Carnes: 52% total (22% pollo deshidratado, 15% pollo fresco, 15% pavo fresco, 2% salm\u00f3n deshidratado)<\/p>\n<p>Cereales y vegetales: arroz integral (11%), ra\u00edces de mandioca (8%), patata deshidratada (6%)<\/p>\n<p>Frutas y verduras: manzana (1%), zanahoria (0,5%), calabaza (0,5%), ar\u00e1ndanos (100 mg\/kg)<\/p>\n","protected":false},"featured_media":156,"comment_status":"open","ping_status":"closed","template":"","meta":[],"product_brand":[],"product_cat":[18,20],"product_tag":[],"class_list":{"0":"post-155","1":"product","2":"type-product","3":"status-publish","4":"has-post-thumbnail","6":"product_cat-animales","7":"product_cat-perros","9":"first","10":"instock","11":"taxable","12":"shipping-taxable","13":"purchasable","14":"product-type-simple"},"_links":{"self":[{"href":"https:\/\/ladespensaanimal.com\/index.php\/wp-json\/wp\/v2\/product\/155","targetHints":{"allow":["GET"]}}],"collection":[{"href":"https:\/\/ladespensaanimal.com\/index.php\/wp-json\/wp\/v2\/product"}],"about":[{"href":"https:\/\/ladespensaanimal.com\/index.php\/wp-json\/wp\/v2\/types\/product"}],"replies":[{"embeddable":true,"href":"https:\/\/ladespensaanimal.com\/index.php\/wp-json\/wp\/v2\/comments?post=155"}],"wp:featuredmedia":[{"embeddable":true,"href":"https:\/\/ladespensaanimal.com\/index.php\/wp-json\/wp\/v2\/media\/156"}],"wp:attachment":[{"href":"https:\/\/ladespensaanimal.com\/index.php\/wp-json\/wp\/v2\/media?parent=155"}],"wp:term":[{"taxonomy":"product_brand","embeddable":true,"href":"https:\/\/ladespensaanimal.com\/index.php\/wp-json\/wp\/v2\/product_brand?post=155"},{"taxonomy":"product_cat","embeddable":true,"href":"https:\/\/ladespensaanimal.com\/index.php\/wp-json\/wp\/v2\/product_cat?post=155"},{"taxonomy":"product_tag","embeddable":true,"href":"https:\/\/ladespensaanimal.com\/index.php\/wp-json\/wp\/v2\/product_tag?post=155"}],"curies":[{"name":"wp","href":"https:\/\/api.w.org\/{rel}","templated":true}]}}